{"id":5158,"date":"2024-11-13T16:03:14","date_gmt":"2024-11-13T15:03:14","guid":{"rendered":"https:\/\/www.keepi.sk\/?page_id=5158"},"modified":"2025-09-27T23:16:20","modified_gmt":"2025-09-27T21:16:20","slug":"ochrana-osobnych-udajov","status":"publish","type":"page","link":"https:\/\/www.keepi.sk\/sk\/ochrana-osobnych-udajov\/","title":{"rendered":"Ochrana osobn\u00fdch \u00fadajov"},"content":{"rendered":"\t\t<div data-elementor-type=\"wp-page\" data-elementor-id=\"5158\" class=\"elementor elementor-5158\" data-elementor-post-type=\"page\">\n\t\t\t\t<div class=\"elementor-element elementor-element-8f72b05 e-flex e-con-boxed e-con e-parent\" data-id=\"8f72b05\" data-element_type=\"container\" data-e-type=\"container\">\n\t\t\t\t\t<div class=\"e-con-inner\">\n\t\t\t\t<div class=\"elementor-element elementor-element-e99a6a3 elementor-widget elementor-widget-menu-anchor\" data-id=\"e99a6a3\" data-element_type=\"widget\" data-e-type=\"widget\" data-widget_type=\"menu-anchor.default\">\n\t\t\t\t<div class=\"elementor-widget-container\">\n\t\t\t\t\t\t\t<div class=\"elementor-menu-anchor\" id=\"home\"><\/div>\n\t\t\t\t\t\t<\/div>\n\t\t\t\t<\/div>\n\t\t\t\t\t<\/div>\n\t\t\t\t<\/div>\n\t\t<div class=\"elementor-element elementor-element-29e050c7 e-con-full e-flex e-con e-parent\" data-id=\"29e050c7\" data-element_type=\"container\" data-e-type=\"container\" data-settings=\"{&quot;background_background&quot;:&quot;classic&quot;}\">\n\t\t<div class=\"elementor-element elementor-element-7b33de82 e-flex e-con-boxed e-con e-child\" data-id=\"7b33de82\" data-element_type=\"container\" data-e-type=\"container\">\n\t\t\t\t\t<div class=\"e-con-inner\">\n\t\t<div class=\"elementor-element elementor-element-50c33f7b e-con-full e-flex e-con e-child\" data-id=\"50c33f7b\" data-element_type=\"container\" data-e-type=\"container\">\n\t\t\t\t<div class=\"elementor-element elementor-element-3da95462 elementor-widget elementor-widget-heading\" data-id=\"3da95462\" data-element_type=\"widget\" data-e-type=\"widget\" data-widget_type=\"heading.default\">\n\t\t\t\t<div class=\"elementor-widget-container\">\n\t\t\t\t\t<h2 class=\"elementor-heading-title elementor-size-default\">Ochrana osobn\u00fdch \u00fadajov<\/h2>\t\t\t\t<\/div>\n\t\t\t\t<\/div>\n\t\t\t\t<div class=\"elementor-element elementor-element-f156777 elementor-widget elementor-widget-text-editor\" data-id=\"f156777\" data-element_type=\"widget\" data-e-type=\"widget\" data-widget_type=\"text-editor.default\">\n\t\t\t\t<div class=\"elementor-widget-container\">\n\t\t\t\t\t\t\t\t\t<p>v spolo\u010dnosti SOFTIP, a. s.<\/p>\t\t\t\t\t\t\t\t<\/div>\n\t\t\t\t<\/div>\n\t\t\t\t<\/div>\n\t\t\t\t\t<\/div>\n\t\t\t\t<\/div>\n\t\t\t\t<\/div>\n\t\t<div class=\"elementor-element elementor-element-73d3a8a e-flex e-con-boxed e-con e-parent\" data-id=\"73d3a8a\" data-element_type=\"container\" data-e-type=\"container\" data-settings=\"{&quot;background_background&quot;:&quot;classic&quot;,&quot;sticky&quot;:&quot;top&quot;,&quot;sticky_on&quot;:[&quot;desktop&quot;,&quot;tablet&quot;,&quot;mobile&quot;],&quot;sticky_offset&quot;:0,&quot;sticky_effects_offset&quot;:0,&quot;sticky_anchor_link_offset&quot;:0}\">\n\t\t\t\t\t<div class=\"e-con-inner\">\n\t\t<div class=\"elementor-element elementor-element-46098b6 e-con-full e-flex e-con e-child\" data-id=\"46098b6\" data-element_type=\"container\" data-e-type=\"container\">\n\t\t\t\t<div class=\"elementor-element elementor-element-0111706 elementor-widget elementor-widget-heading\" data-id=\"0111706\" data-element_type=\"widget\" data-e-type=\"widget\" data-widget_type=\"heading.default\">\n\t\t\t\t<div class=\"elementor-widget-container\">\n\t\t\t\t\t<p class=\"elementor-heading-title elementor-size-default\"><a href=\"#home\">Ochrana osobn\u00fdch \u00fadajov<\/a><\/p>\t\t\t\t<\/div>\n\t\t\t\t<\/div>\n\t\t\t\t<\/div>\n\t\t<div class=\"elementor-element elementor-element-fb322b7 e-con-full e-flex e-con e-child\" data-id=\"fb322b7\" data-element_type=\"container\" data-e-type=\"container\">\n\t\t\t\t<div class=\"elementor-element elementor-element-d790d65 elementor-nav-menu--stretch elementor-nav-menu--dropdown-tablet elementor-nav-menu__text-align-aside elementor-nav-menu--toggle elementor-nav-menu--burger elementor-widget elementor-widget-nav-menu\" data-id=\"d790d65\" data-element_type=\"widget\" data-e-type=\"widget\" data-settings=\"{&quot;submenu_icon&quot;:{&quot;value&quot;:&quot;&lt;i aria-hidden=\\&quot;true\\&quot; class=\\&quot;\\&quot;&gt;&lt;\\\/i&gt;&quot;,&quot;library&quot;:&quot;&quot;},&quot;full_width&quot;:&quot;stretch&quot;,&quot;layout&quot;:&quot;horizontal&quot;,&quot;toggle&quot;:&quot;burger&quot;}\" data-widget_type=\"nav-menu.default\">\n\t\t\t\t<div class=\"elementor-widget-container\">\n\t\t\t\t\t\t\t\t<nav aria-label=\"Menu\" class=\"elementor-nav-menu--main elementor-nav-menu__container elementor-nav-menu--layout-horizontal e--pointer-underline e--animation-fade\">\n\t\t\t\t<ul id=\"menu-1-d790d65\" class=\"elementor-nav-menu\"><li class=\"menu-item menu-item-type-custom menu-item-object-custom menu-item-1752\"><a href=\"#dokumenty\" class=\"elementor-item elementor-item-anchor\">Dokumenty<\/a><\/li>\n<\/ul>\t\t\t<\/nav>\n\t\t\t\t\t<div class=\"elementor-menu-toggle\" role=\"button\" tabindex=\"0\" aria-label=\"Menu Toggle\" aria-expanded=\"false\">\n\t\t\t<i aria-hidden=\"true\" role=\"presentation\" class=\"elementor-menu-toggle__icon--open softipicon- softip-icon-SOFTIP_ico_Arrow_20\"><\/i><svg aria-hidden=\"true\" role=\"presentation\" class=\"elementor-menu-toggle__icon--close e-font-icon-svg e-eicon-close\" viewBox=\"0 0 1000 1000\" xmlns=\"http:\/\/www.w3.org\/2000\/svg\"><path d=\"M742 167L500 408 258 167C246 154 233 150 217 150 196 150 179 158 167 167 154 179 150 196 150 212 150 229 154 242 171 254L408 500 167 742C138 771 138 800 167 829 196 858 225 858 254 829L496 587 738 829C750 842 767 846 783 846 800 846 817 842 829 829 842 817 846 804 846 783 846 767 842 750 829 737L588 500 833 258C863 229 863 200 833 171 804 137 775 137 742 167Z\"><\/path><\/svg>\t\t<\/div>\n\t\t\t\t\t<nav class=\"elementor-nav-menu--dropdown elementor-nav-menu__container\" aria-hidden=\"true\">\n\t\t\t\t<ul id=\"menu-2-d790d65\" class=\"elementor-nav-menu\"><li class=\"menu-item menu-item-type-custom menu-item-object-custom menu-item-1752\"><a href=\"#dokumenty\" class=\"elementor-item elementor-item-anchor\" tabindex=\"-1\">Dokumenty<\/a><\/li>\n<\/ul>\t\t\t<\/nav>\n\t\t\t\t\t\t<\/div>\n\t\t\t\t<\/div>\n\t\t\t\t<div class=\"elementor-element elementor-element-d720a3f elementor-align-right elementor-widget elementor-widget-button\" data-id=\"d720a3f\" data-element_type=\"widget\" data-e-type=\"widget\" animate-button=\"\" data-widget_type=\"button.default\">\n\t\t\t\t<div class=\"elementor-widget-container\">\n\t\t\t\t\t\t\t\t\t<div class=\"elementor-button-wrapper\">\n\t\t\t\t\t<a class=\"elementor-button elementor-button-link elementor-size-sm\" href=\"https:\/\/www.keepi.sk\/sk\/o-nas\/kontakty\/#napistenam\">\n\t\t\t\t\t\t<span class=\"elementor-button-content-wrapper\">\n\t\t\t\t\t\t<span class=\"elementor-button-icon\">\n\t\t\t\t<i aria-hidden=\"true\" class=\"softipicon- softip-icon-SOFTIP_ico_Arrow_21\"><\/i>\t\t\t<\/span>\n\t\t\t\t\t\t\t\t\t<span class=\"elementor-button-text\">Nap\u00ed\u0161te n\u00e1m<\/span>\n\t\t\t\t\t<\/span>\n\t\t\t\t\t<\/a>\n\t\t\t\t<\/div>\n\t\t\t\t\t\t\t\t<\/div>\n\t\t\t\t<\/div>\n\t\t\t\t<\/div>\n\t\t\t\t\t<\/div>\n\t\t\t\t<\/div>\n\t\t<div class=\"elementor-element elementor-element-5311d2d9 e-flex e-con-boxed e-con e-parent\" data-id=\"5311d2d9\" data-element_type=\"container\" data-e-type=\"container\">\n\t\t\t\t\t<div class=\"e-con-inner\">\n\t\t<div class=\"elementor-element elementor-element-0d3fec0 e-con-full e-flex e-con e-child\" data-id=\"0d3fec0\" data-element_type=\"container\" data-e-type=\"container\">\n\t\t\t\t<div class=\"elementor-element elementor-element-2b83c5c elementor-widget elementor-widget-menu-anchor\" data-id=\"2b83c5c\" data-element_type=\"widget\" data-e-type=\"widget\" data-widget_type=\"menu-anchor.default\">\n\t\t\t\t<div class=\"elementor-widget-container\">\n\t\t\t\t\t\t\t<div class=\"elementor-menu-anchor\" id=\"dokumenty\"><\/div>\n\t\t\t\t\t\t<\/div>\n\t\t\t\t<\/div>\n\t\t\t\t<\/div>\n\t\t<div class=\"elementor-element elementor-element-64872794 e-con-full e-flex e-con e-child\" data-id=\"64872794\" data-element_type=\"container\" data-e-type=\"container\">\n\t\t<a class=\"elementor-element elementor-element-557fc789 e-con-full e-flex e-con e-child\" data-id=\"557fc789\" data-element_type=\"container\" data-e-type=\"container\" data-settings=\"{&quot;background_background&quot;:&quot;classic&quot;}\" href=\"https:\/\/www.keepi.sk\/o-nas\/ochrana-osobnych-udajov\/informacie-o-spracuvavani-ou\/\" target=\"_blank\" rel=\"nofollow\">\n\t\t\t\t<div class=\"elementor-element elementor-element-8e12684 elementor-widget elementor-widget-heading\" data-id=\"8e12684\" data-element_type=\"widget\" data-e-type=\"widget\" data-widget_type=\"heading.default\">\n\t\t\t\t<div class=\"elementor-widget-container\">\n\t\t\t\t\t<p class=\"elementor-heading-title elementor-size-default\">Inform\u00e1cie o sprac\u00favan\u00ed osobn\u00fdch \u00fadajov ur\u010den\u00e9 dotknut\u00fdm osob\u00e1m<\/p>\t\t\t\t<\/div>\n\t\t\t\t<\/div>\n\t\t\t\t<\/a>\n\t\t<a class=\"elementor-element elementor-element-2b073ed8 e-con-full e-flex e-con e-child\" data-id=\"2b073ed8\" data-element_type=\"container\" data-e-type=\"container\" data-settings=\"{&quot;background_background&quot;:&quot;classic&quot;}\" href=\"https:\/\/www.keepi.sk\/sk\/o-nas\/ochrana-osobnych-udajov\/suhlas-so-spracovanim-ou-pre-marketingove-ucely\/\" target=\"_blank\" rel=\"nofollow\">\n\t\t\t\t<div class=\"elementor-element elementor-element-912fd48 elementor-widget elementor-widget-heading\" data-id=\"912fd48\" data-element_type=\"widget\" data-e-type=\"widget\" data-widget_type=\"heading.default\">\n\t\t\t\t<div class=\"elementor-widget-container\">\n\t\t\t\t\t<p class=\"elementor-heading-title elementor-size-default\">S\u00fahlas so spracovan\u00edm osobn\u00fdch \u00fadajov pre marketingov\u00e9 \u00fa\u010dely<\/p>\t\t\t\t<\/div>\n\t\t\t\t<\/div>\n\t\t\t\t<\/a>\n\t\t<a class=\"elementor-element elementor-element-3dfab7 e-con-full e-flex e-con e-child\" data-id=\"3dfab7\" data-element_type=\"container\" data-e-type=\"container\" data-settings=\"{&quot;background_background&quot;:&quot;classic&quot;}\" href=\"https:\/\/www.keepi.sk\/sk\/o-nas\/ochrana-osobnych-udajov\/politika-cookies\/\" target=\"_blank\" rel=\"nofollow\">\n\t\t\t\t<div class=\"elementor-element elementor-element-943c199 elementor-widget elementor-widget-heading\" data-id=\"943c199\" data-element_type=\"widget\" data-e-type=\"widget\" data-widget_type=\"heading.default\">\n\t\t\t\t<div class=\"elementor-widget-container\">\n\t\t\t\t\t<p class=\"elementor-heading-title elementor-size-default\">Politika cookies<\/p>\t\t\t\t<\/div>\n\t\t\t\t<\/div>\n\t\t\t\t<\/a>\n\t\t\t\t<\/div>\n\t\t<div class=\"elementor-element elementor-element-773d072c e-con-full e-flex e-con e-child\" data-id=\"773d072c\" data-element_type=\"container\" data-e-type=\"container\">\n\t\t<a class=\"elementor-element elementor-element-241e3baa e-con-full e-flex e-con e-child\" data-id=\"241e3baa\" data-element_type=\"container\" data-e-type=\"container\" data-settings=\"{&quot;background_background&quot;:&quot;classic&quot;}\" href=\"https:\/\/www.keepi.sk\/sk\/o-nas\/ochrana-osobnych-udajov\/podpora-gdpr-v-informacnych-systemoch\/podpora-gdpr-v-is-sap-business-one\/\" target=\"_blank\" rel=\"nofollow\">\n\t\t\t\t<div class=\"elementor-element elementor-element-4e1c5de elementor-widget elementor-widget-heading\" data-id=\"4e1c5de\" data-element_type=\"widget\" data-e-type=\"widget\" data-widget_type=\"heading.default\">\n\t\t\t\t<div class=\"elementor-widget-container\">\n\t\t\t\t\t<p class=\"elementor-heading-title elementor-size-default\">Podpora GDPR v informa\u010dnom syst\u00e9me SAP Business One<\/p>\t\t\t\t<\/div>\n\t\t\t\t<\/div>\n\t\t\t\t<\/a>\n\t\t<a class=\"elementor-element elementor-element-33768c4b e-con-full e-flex e-con e-child\" data-id=\"33768c4b\" data-element_type=\"container\" data-e-type=\"container\" data-settings=\"{&quot;background_background&quot;:&quot;classic&quot;}\" href=\"https:\/\/www.keepi.sk\/sk\/o-nas\/ochrana-osobnych-udajov\/podpora-gdpr-v-informacnych-systemoch\/podpora-gdpr-v-is-softip-hr-plus\/\" target=\"_blank\" rel=\"nofollow\">\n\t\t\t\t<div class=\"elementor-element elementor-element-df3010f elementor-widget elementor-widget-heading\" data-id=\"df3010f\" data-element_type=\"widget\" data-e-type=\"widget\" data-widget_type=\"heading.default\">\n\t\t\t\t<div class=\"elementor-widget-container\">\n\t\t\t\t\t<p class=\"elementor-heading-title elementor-size-default\">Podpora GDPR v informa\u010dnom syst\u00e9me SOFTIP HR PLUS\u200b<\/p>\t\t\t\t<\/div>\n\t\t\t\t<\/div>\n\t\t\t\t<\/a>\n\t\t<a class=\"elementor-element elementor-element-74e9c9b e-con-full e-flex e-con e-child\" data-id=\"74e9c9b\" data-element_type=\"container\" data-e-type=\"container\" data-settings=\"{&quot;background_background&quot;:&quot;classic&quot;}\" href=\"https:\/\/www.keepi.sk\/sk\/o-nas\/ochrana-osobnych-udajov\/podpora-gdpr-v-informacnych-systemoch\/podpora-gdpr-v-informacnom-systeme-softip-profit-plus\/\" target=\"_blank\" rel=\"nofollow\">\n\t\t\t\t<div class=\"elementor-element elementor-element-119cc2cf elementor-widget elementor-widget-heading\" data-id=\"119cc2cf\" data-element_type=\"widget\" data-e-type=\"widget\" data-widget_type=\"heading.default\">\n\t\t\t\t<div class=\"elementor-widget-container\">\n\t\t\t\t\t<p class=\"elementor-heading-title elementor-size-default\">Podpora GDPR v informa\u010dnom syst\u00e9me SOFTIP PROFIT PLUS<\/p>\t\t\t\t<\/div>\n\t\t\t\t<\/div>\n\t\t\t\t<\/a>\n\t\t\t\t<\/div>\n\t\t\t\t\t<\/div>\n\t\t\t\t<\/div>\n\t\t\t\t<\/div>\n\t\t","protected":false},"excerpt":{"rendered":"<p>Ochrana osobn\u00fdch \u00fadajov v spolo\u010dnosti SOFTIP, a. s. Nap\u00ed\u0161te n\u00e1m Inform\u00e1cie o sprac\u00favan\u00ed osobn\u00fdch \u00fadajov ur\u010den\u00e9 dotknut\u00fdm osob\u00e1m S\u00fahlas so spracovan\u00edm osobn\u00fdch \u00fadajov pre marketingov\u00e9 \u00fa\u010dely Politika cookies Podpora GDPR v informa\u010dnom syst\u00e9me SAP Business One Podpora GDPR v informa\u010dnom syst\u00e9me SOFTIP HR PLUS\u200b Podpora GDPR v informa\u010dnom syst\u00e9me SOFTIP PROFIT PLUS<\/p>\n","protected":false},"author":4,"featured_media":0,"parent":0,"menu_order":6,"comment_status":"closed","ping_status":"closed","template":"","meta":{"footnotes":""},"class_list":["post-5158","page","type-page","status-publish","hentry"],"yoast_head":"<!-- This site is optimized with the Yoast SEO Premium plugin v26.2 (Yoast SEO v26.2) - https:\/\/yoast.com\/wordpress\/plugins\/seo\/ -->\n<title>Ochrana osobn\u00fdch \u00fadajov - Keepi online \u00fa\u010dtovn\u00edctvo<\/title>\n<meta name=\"robots\" content=\"index, follow, max-snippet:-1, max-image-preview:large, max-video-preview:-1\" \/>\n<link rel=\"canonical\" href=\"https:\/\/www.keepi.sk\/sk\/ochrana-osobnych-udajov\/\" \/>\n<meta property=\"og:locale\" content=\"sk_SK\" \/>\n<meta property=\"og:type\" content=\"article\" \/>\n<meta property=\"og:title\" content=\"Ochrana osobn\u00fdch \u00fadajov\" \/>\n<meta property=\"og:description\" content=\"Ochrana osobn\u00fdch \u00fadajov v spolo\u010dnosti SOFTIP, a. s. Nap\u00ed\u0161te n\u00e1m Inform\u00e1cie o sprac\u00favan\u00ed osobn\u00fdch \u00fadajov ur\u010den\u00e9 dotknut\u00fdm osob\u00e1m S\u00fahlas so spracovan\u00edm osobn\u00fdch \u00fadajov pre marketingov\u00e9 \u00fa\u010dely Politika cookies Podpora GDPR v informa\u010dnom syst\u00e9me SAP Business One Podpora GDPR v informa\u010dnom syst\u00e9me SOFTIP HR PLUS\u200b Podpora GDPR v informa\u010dnom syst\u00e9me SOFTIP PROFIT PLUS\" \/>\n<meta property=\"og:url\" content=\"https:\/\/www.keepi.sk\/sk\/ochrana-osobnych-udajov\/\" \/>\n<meta property=\"og:site_name\" content=\"Keepi online \u00fa\u010dtovn\u00edctvo\" \/>\n<meta property=\"article:modified_time\" content=\"2025-09-27T21:16:20+00:00\" \/>\n<meta name=\"twitter:card\" content=\"summary_large_image\" \/>\n<script type=\"application\/ld+json\" class=\"yoast-schema-graph\">{\"@context\":\"https:\/\/schema.org\",\"@graph\":[{\"@type\":\"WebPage\",\"@id\":\"https:\/\/www.keepi.sk\/ochrana-osobnych-udajov\/\",\"url\":\"https:\/\/www.keepi.sk\/ochrana-osobnych-udajov\/\",\"name\":\"Ochrana osobn\u00fdch \u00fadajov - Keepi online \u00fa\u010dtovn\u00edctvo\",\"isPartOf\":{\"@id\":\"https:\/\/www.keepi.sk\/#website\"},\"datePublished\":\"2024-11-13T15:03:14+00:00\",\"dateModified\":\"2025-09-27T21:16:20+00:00\",\"breadcrumb\":{\"@id\":\"https:\/\/www.keepi.sk\/ochrana-osobnych-udajov\/#breadcrumb\"},\"inLanguage\":\"sk-SK\",\"potentialAction\":[{\"@type\":\"ReadAction\",\"target\":[\"https:\/\/www.keepi.sk\/ochrana-osobnych-udajov\/\"]}]},{\"@type\":\"BreadcrumbList\",\"@id\":\"https:\/\/www.keepi.sk\/ochrana-osobnych-udajov\/#breadcrumb\",\"itemListElement\":[{\"@type\":\"ListItem\",\"position\":1,\"name\":\"Domov\",\"item\":\"https:\/\/www.keepi.sk\/\"},{\"@type\":\"ListItem\",\"position\":2,\"name\":\"Ochrana osobn\u00fdch \u00fadajov\"}]},{\"@type\":\"WebSite\",\"@id\":\"https:\/\/www.keepi.sk\/#website\",\"url\":\"https:\/\/www.keepi.sk\/\",\"name\":\"Online \u00fa\u010dtovn\u00edctvo a faktur\u00e1cia\",\"description\":\"Keepi - tvoj osobn\u00fd \u00fa\u010dtovn\u00edk \/ Online \u00fa\u010dtovn\u00edctvo a faktur\u00e1cia\",\"publisher\":{\"@id\":\"https:\/\/www.keepi.sk\/#organization\"},\"potentialAction\":[{\"@type\":\"SearchAction\",\"target\":{\"@type\":\"EntryPoint\",\"urlTemplate\":\"https:\/\/www.keepi.sk\/?s={search_term_string}\"},\"query-input\":{\"@type\":\"PropertyValueSpecification\",\"valueRequired\":true,\"valueName\":\"search_term_string\"}}],\"inLanguage\":\"sk-SK\"},{\"@type\":\"Organization\",\"@id\":\"https:\/\/www.keepi.sk\/#organization\",\"name\":\"Keepi\",\"url\":\"https:\/\/www.keepi.sk\/\",\"logo\":{\"@type\":\"ImageObject\",\"inLanguage\":\"sk-SK\",\"@id\":\"https:\/\/www.keepi.sk\/#\/schema\/logo\/image\/\",\"url\":\"https:\/\/www.keepi.sk\/wp-content\/uploads\/2025\/10\/keepi-logo-header-2.png\",\"contentUrl\":\"https:\/\/www.keepi.sk\/wp-content\/uploads\/2025\/10\/keepi-logo-header-2.png\",\"width\":506,\"height\":144,\"caption\":\"Keepi\"},\"image\":{\"@id\":\"https:\/\/www.keepi.sk\/#\/schema\/logo\/image\/\"}}]}<\/script>\n<!-- \/ Yoast SEO Premium plugin. -->","yoast_head_json":{"title":"Ochrana osobn\u00fdch \u00fadajov - Keepi online \u00fa\u010dtovn\u00edctvo","robots":{"index":"index","follow":"follow","max-snippet":"max-snippet:-1","max-image-preview":"max-image-preview:large","max-video-preview":"max-video-preview:-1"},"canonical":"https:\/\/www.keepi.sk\/sk\/ochrana-osobnych-udajov\/","og_locale":"sk_SK","og_type":"article","og_title":"Ochrana osobn\u00fdch \u00fadajov","og_description":"Ochrana osobn\u00fdch \u00fadajov v spolo\u010dnosti SOFTIP, a. s. Nap\u00ed\u0161te n\u00e1m Inform\u00e1cie o sprac\u00favan\u00ed osobn\u00fdch \u00fadajov ur\u010den\u00e9 dotknut\u00fdm osob\u00e1m S\u00fahlas so spracovan\u00edm osobn\u00fdch \u00fadajov pre marketingov\u00e9 \u00fa\u010dely Politika cookies Podpora GDPR v informa\u010dnom syst\u00e9me SAP Business One Podpora GDPR v informa\u010dnom syst\u00e9me SOFTIP HR PLUS\u200b Podpora GDPR v informa\u010dnom syst\u00e9me SOFTIP PROFIT PLUS","og_url":"https:\/\/www.keepi.sk\/sk\/ochrana-osobnych-udajov\/","og_site_name":"Keepi online \u00fa\u010dtovn\u00edctvo","article_modified_time":"2025-09-27T21:16:20+00:00","twitter_card":"summary_large_image","schema":{"@context":"https:\/\/schema.org","@graph":[{"@type":"WebPage","@id":"https:\/\/www.keepi.sk\/ochrana-osobnych-udajov\/","url":"https:\/\/www.keepi.sk\/ochrana-osobnych-udajov\/","name":"Ochrana osobn\u00fdch \u00fadajov - Keepi online \u00fa\u010dtovn\u00edctvo","isPartOf":{"@id":"https:\/\/www.keepi.sk\/#website"},"datePublished":"2024-11-13T15:03:14+00:00","dateModified":"2025-09-27T21:16:20+00:00","breadcrumb":{"@id":"https:\/\/www.keepi.sk\/ochrana-osobnych-udajov\/#breadcrumb"},"inLanguage":"sk-SK","potentialAction":[{"@type":"ReadAction","target":["https:\/\/www.keepi.sk\/ochrana-osobnych-udajov\/"]}]},{"@type":"BreadcrumbList","@id":"https:\/\/www.keepi.sk\/ochrana-osobnych-udajov\/#breadcrumb","itemListElement":[{"@type":"ListItem","position":1,"name":"Domov","item":"https:\/\/www.keepi.sk\/"},{"@type":"ListItem","position":2,"name":"Ochrana osobn\u00fdch \u00fadajov"}]},{"@type":"WebSite","@id":"https:\/\/www.keepi.sk\/#website","url":"https:\/\/www.keepi.sk\/","name":"Online \u00fa\u010dtovn\u00edctvo a faktur\u00e1cia","description":"Keepi - tvoj osobn\u00fd \u00fa\u010dtovn\u00edk \/ Online \u00fa\u010dtovn\u00edctvo a faktur\u00e1cia","publisher":{"@id":"https:\/\/www.keepi.sk\/#organization"},"potentialAction":[{"@type":"SearchAction","target":{"@type":"EntryPoint","urlTemplate":"https:\/\/www.keepi.sk\/?s={search_term_string}"},"query-input":{"@type":"PropertyValueSpecification","valueRequired":true,"valueName":"search_term_string"}}],"inLanguage":"sk-SK"},{"@type":"Organization","@id":"https:\/\/www.keepi.sk\/#organization","name":"Keepi","url":"https:\/\/www.keepi.sk\/","logo":{"@type":"ImageObject","inLanguage":"sk-SK","@id":"https:\/\/www.keepi.sk\/#\/schema\/logo\/image\/","url":"https:\/\/www.keepi.sk\/wp-content\/uploads\/2025\/10\/keepi-logo-header-2.png","contentUrl":"https:\/\/www.keepi.sk\/wp-content\/uploads\/2025\/10\/keepi-logo-header-2.png","width":506,"height":144,"caption":"Keepi"},"image":{"@id":"https:\/\/www.keepi.sk\/#\/schema\/logo\/image\/"}}]}},"_links":{"self":[{"href":"https:\/\/www.keepi.sk\/sk\/wp-json\/wp\/v2\/pages\/5158","targetHints":{"allow":["GET"]}}],"collection":[{"href":"https:\/\/www.keepi.sk\/sk\/wp-json\/wp\/v2\/pages"}],"about":[{"href":"https:\/\/www.keepi.sk\/sk\/wp-json\/wp\/v2\/types\/page"}],"author":[{"embeddable":true,"href":"https:\/\/www.keepi.sk\/sk\/wp-json\/wp\/v2\/users\/4"}],"replies":[{"embeddable":true,"href":"https:\/\/www.keepi.sk\/sk\/wp-json\/wp\/v2\/comments?post=5158"}],"version-history":[{"count":9,"href":"https:\/\/www.keepi.sk\/sk\/wp-json\/wp\/v2\/pages\/5158\/revisions"}],"predecessor-version":[{"id":30639,"href":"https:\/\/www.keepi.sk\/sk\/wp-json\/wp\/v2\/pages\/5158\/revisions\/30639"}],"wp:attachment":[{"href":"https:\/\/www.keepi.sk\/sk\/wp-json\/wp\/v2\/media?parent=5158"}],"curies":[{"name":"wp","href":"https:\/\/api.w.org\/{rel}","templated":true}]}}