{"id":1740,"date":"2024-05-27T11:24:19","date_gmt":"2024-05-27T09:24:13","guid":{"rendered":"https:\/\/www.keepi.sk\/?page_id=1740"},"modified":"2025-12-27T22:31:19","modified_gmt":"2025-12-27T21:31:19","slug":"obchodne-podmienky","status":"publish","type":"page","link":"https:\/\/www.keepi.sk\/sk\/obchodne-podmienky\/","title":{"rendered":"Obchodn\u00e9 podmienky"},"content":{"rendered":"\t\t<div data-elementor-type=\"wp-page\" data-elementor-id=\"1740\" class=\"elementor elementor-1740\" data-elementor-post-type=\"page\">\n\t\t\t\t<div class=\"elementor-element elementor-element-7187798 e-flex e-con-boxed e-con e-parent\" data-id=\"7187798\" data-element_type=\"container\" data-e-type=\"container\">\n\t\t\t\t\t<div class=\"e-con-inner\">\n\t\t\t\t<div class=\"elementor-element elementor-element-8b3235e elementor-widget elementor-widget-menu-anchor\" data-id=\"8b3235e\" data-element_type=\"widget\" data-e-type=\"widget\" data-widget_type=\"menu-anchor.default\">\n\t\t\t\t<div class=\"elementor-widget-container\">\n\t\t\t\t\t\t\t<div class=\"elementor-menu-anchor\" id=\"home\"><\/div>\n\t\t\t\t\t\t<\/div>\n\t\t\t\t<\/div>\n\t\t\t\t\t<\/div>\n\t\t\t\t<\/div>\n\t\t<div class=\"elementor-element elementor-element-f48fc53 e-con-full e-flex e-con e-parent\" data-id=\"f48fc53\" data-element_type=\"container\" data-e-type=\"container\" data-settings=\"{&quot;background_background&quot;:&quot;classic&quot;}\">\n\t\t<div class=\"elementor-element elementor-element-1115d50 e-flex e-con-boxed e-con e-child\" data-id=\"1115d50\" data-element_type=\"container\" data-e-type=\"container\">\n\t\t\t\t\t<div class=\"e-con-inner\">\n\t\t<div class=\"elementor-element elementor-element-989698f e-con-full e-flex e-con e-child\" data-id=\"989698f\" data-element_type=\"container\" data-e-type=\"container\">\n\t\t\t\t<div class=\"elementor-element elementor-element-e0282ad elementor-widget elementor-widget-heading\" data-id=\"e0282ad\" data-element_type=\"widget\" data-e-type=\"widget\" data-widget_type=\"heading.default\">\n\t\t\t\t<div class=\"elementor-widget-container\">\n\t\t\t\t\t<h2 class=\"elementor-heading-title elementor-size-default\">V\u0161eobecn\u00e9 obchodn\u00e9 podmienky<\/h2>\t\t\t\t<\/div>\n\t\t\t\t<\/div>\n\t\t\t\t<div class=\"elementor-element elementor-element-d11ac15 elementor-widget elementor-widget-text-editor\" data-id=\"d11ac15\" data-element_type=\"widget\" data-e-type=\"widget\" data-widget_type=\"text-editor.default\">\n\t\t\t\t<div class=\"elementor-widget-container\">\n\t\t\t\t\t\t\t\t\t<p>k pou\u017e\u00edvaniu aplik\u00e1cie Keepi<\/p>\t\t\t\t\t\t\t\t<\/div>\n\t\t\t\t<\/div>\n\t\t\t\t<\/div>\n\t\t\t\t\t<\/div>\n\t\t\t\t<\/div>\n\t\t\t\t<\/div>\n\t\t<div class=\"elementor-element elementor-element-d73ca35 e-flex e-con-boxed e-con e-parent\" data-id=\"d73ca35\" data-element_type=\"container\" data-e-type=\"container\">\n\t\t\t\t\t<div class=\"e-con-inner\">\n\t\t<div class=\"elementor-element elementor-element-11bf627 e-flex e-con-boxed e-con e-child\" data-id=\"11bf627\" data-element_type=\"container\" data-e-type=\"container\">\n\t\t\t\t\t<div class=\"e-con-inner\">\n\t\t\t\t<div class=\"elementor-element elementor-element-08e4979 elementor-widget elementor-widget-menu-anchor\" data-id=\"08e4979\" data-element_type=\"widget\" data-e-type=\"widget\" data-widget_type=\"menu-anchor.default\">\n\t\t\t\t<div class=\"elementor-widget-container\">\n\t\t\t\t\t\t\t<div class=\"elementor-menu-anchor\" id=\"dokumenty\"><\/div>\n\t\t\t\t\t\t<\/div>\n\t\t\t\t<\/div>\n\t\t\t\t\t<\/div>\n\t\t\t\t<\/div>\n\t\t<div class=\"elementor-element elementor-element-92529ff e-con-full e-flex e-con e-child\" data-id=\"92529ff\" data-element_type=\"container\" data-e-type=\"container\">\n\t\t<a class=\"elementor-element elementor-element-19a8127 e-con-full e-flex e-con e-child\" data-id=\"19a8127\" data-element_type=\"container\" data-e-type=\"container\" data-settings=\"{&quot;background_background&quot;:&quot;classic&quot;}\" href=\"https:\/\/www.keepi.sk\/wp-content\/uploads\/2025\/11\/VOP-Keepi-ucinne-od-19.12.2025.pdf\" target=\"_blank\" rel=\"nofollow\">\n\t\t\t\t<div class=\"elementor-element elementor-element-a9a208d elementor-widget elementor-widget-heading\" data-id=\"a9a208d\" data-element_type=\"widget\" data-e-type=\"widget\" data-widget_type=\"heading.default\">\n\t\t\t\t<div class=\"elementor-widget-container\">\n\t\t\t\t\t<h2 class=\"elementor-heading-title elementor-size-default\">V\u0161eobecn\u00e9 obchodn\u00e9 podmienky k pou\u017e\u00edvaniu aplik\u00e1cie Keepi<\/h2>\t\t\t\t<\/div>\n\t\t\t\t<\/div>\n\t\t\t\t<div class=\"elementor-element elementor-element-00302f6 elementor-widget elementor-widget-heading\" data-id=\"00302f6\" data-element_type=\"widget\" data-e-type=\"widget\" data-widget_type=\"heading.default\">\n\t\t\t\t<div class=\"elementor-widget-container\">\n\t\t\t\t\t<p class=\"elementor-heading-title elementor-size-default\">platn\u00e9 od  19. 12. 2025<\/p>\t\t\t\t<\/div>\n\t\t\t\t<\/div>\n\t\t\t\t<\/a>\n\t\t<a class=\"elementor-element elementor-element-3535863 e-con-full e-flex e-con e-child\" data-id=\"3535863\" data-element_type=\"container\" data-e-type=\"container\" data-settings=\"{&quot;background_background&quot;:&quot;classic&quot;}\" href=\"https:\/\/www.keepi.sk\/wp-content\/uploads\/2025\/10\/VOP-keepi-ucinne-od-01.06.2019.pdf\" target=\"_blank\" rel=\"nofollow\">\n\t\t\t\t<div class=\"elementor-element elementor-element-cb1f2a0 elementor-widget elementor-widget-heading\" data-id=\"cb1f2a0\" data-element_type=\"widget\" data-e-type=\"widget\" data-widget_type=\"heading.default\">\n\t\t\t\t<div class=\"elementor-widget-container\">\n\t\t\t\t\t<h2 class=\"elementor-heading-title elementor-size-default\">V\u0161eobecn\u00e9 obchodn\u00e9 podmienky k pou\u017e\u00edvaniu aplik\u00e1cie Keepi<\/h2>\t\t\t\t<\/div>\n\t\t\t\t<\/div>\n\t\t\t\t<div class=\"elementor-element elementor-element-a38711e elementor-widget elementor-widget-heading\" data-id=\"a38711e\" data-element_type=\"widget\" data-e-type=\"widget\" data-widget_type=\"heading.default\">\n\t\t\t\t<div class=\"elementor-widget-container\">\n\t\t\t\t\t<p class=\"elementor-heading-title elementor-size-default\">platn\u00e9 do  18. 12. 2025<\/p>\t\t\t\t<\/div>\n\t\t\t\t<\/div>\n\t\t\t\t<\/a>\n\t\t\t\t<\/div>\n\t\t\t\t\t<\/div>\n\t\t\t\t<\/div>\n\t\t\t\t<\/div>\n\t\t","protected":false},"excerpt":{"rendered":"<p>V\u0161eobecn\u00e9 obchodn\u00e9 podmienky k pou\u017e\u00edvaniu aplik\u00e1cie Keepi V\u0161eobecn\u00e9 obchodn\u00e9 podmienky k pou\u017e\u00edvaniu aplik\u00e1cie Keepi platn\u00e9 od 19. 12. 2025 V\u0161eobecn\u00e9 obchodn\u00e9 podmienky k pou\u017e\u00edvaniu aplik\u00e1cie Keepi platn\u00e9 do 18. 12. 2025<\/p>\n","protected":false},"author":1,"featured_media":0,"parent":0,"menu_order":4,"comment_status":"closed","ping_status":"closed","template":"","meta":{"footnotes":""},"class_list":["post-1740","page","type-page","status-publish","hentry"],"yoast_head":"<!-- This site is optimized with the Yoast SEO Premium plugin v26.2 (Yoast SEO v26.2) - https:\/\/yoast.com\/wordpress\/plugins\/seo\/ -->\n<title>Obchodn\u00e9 podmienky - Keepi online \u00fa\u010dtovn\u00edctvo<\/title>\n<meta name=\"robots\" content=\"index, follow, max-snippet:-1, max-image-preview:large, max-video-preview:-1\" \/>\n<link rel=\"canonical\" href=\"https:\/\/www.keepi.sk\/sk\/obchodne-podmienky\/\" \/>\n<meta property=\"og:locale\" content=\"sk_SK\" \/>\n<meta property=\"og:type\" content=\"article\" \/>\n<meta property=\"og:title\" content=\"Obchodn\u00e9 podmienky\" \/>\n<meta property=\"og:description\" content=\"V\u0161eobecn\u00e9 obchodn\u00e9 podmienky k pou\u017e\u00edvaniu aplik\u00e1cie Keepi V\u0161eobecn\u00e9 obchodn\u00e9 podmienky k pou\u017e\u00edvaniu aplik\u00e1cie Keepi platn\u00e9 od 19. 12. 2025 V\u0161eobecn\u00e9 obchodn\u00e9 podmienky k pou\u017e\u00edvaniu aplik\u00e1cie Keepi platn\u00e9 do 18. 12. 2025\" \/>\n<meta property=\"og:url\" content=\"https:\/\/www.keepi.sk\/sk\/obchodne-podmienky\/\" \/>\n<meta property=\"og:site_name\" content=\"Keepi online \u00fa\u010dtovn\u00edctvo\" \/>\n<meta property=\"article:modified_time\" content=\"2025-12-27T21:31:19+00:00\" \/>\n<meta name=\"twitter:card\" content=\"summary_large_image\" \/>\n<meta name=\"twitter:label1\" content=\"Predpokladan\u00fd \u010das \u010d\u00edtania\" \/>\n\t<meta name=\"twitter:data1\" content=\"1 min\u00fata\" \/>\n<script type=\"application\/ld+json\" class=\"yoast-schema-graph\">{\"@context\":\"https:\/\/schema.org\",\"@graph\":[{\"@type\":\"WebPage\",\"@id\":\"https:\/\/www.keepi.sk\/obchodne-podmienky\/\",\"url\":\"https:\/\/www.keepi.sk\/obchodne-podmienky\/\",\"name\":\"Obchodn\u00e9 podmienky - Keepi online \u00fa\u010dtovn\u00edctvo\",\"isPartOf\":{\"@id\":\"https:\/\/www.keepi.sk\/#website\"},\"datePublished\":\"2024-05-27T09:24:13+00:00\",\"dateModified\":\"2025-12-27T21:31:19+00:00\",\"breadcrumb\":{\"@id\":\"https:\/\/www.keepi.sk\/obchodne-podmienky\/#breadcrumb\"},\"inLanguage\":\"sk-SK\",\"potentialAction\":[{\"@type\":\"ReadAction\",\"target\":[\"https:\/\/www.keepi.sk\/obchodne-podmienky\/\"]}]},{\"@type\":\"BreadcrumbList\",\"@id\":\"https:\/\/www.keepi.sk\/obchodne-podmienky\/#breadcrumb\",\"itemListElement\":[{\"@type\":\"ListItem\",\"position\":1,\"name\":\"Domov\",\"item\":\"https:\/\/www.keepi.sk\/\"},{\"@type\":\"ListItem\",\"position\":2,\"name\":\"Obchodn\u00e9 podmienky\"}]},{\"@type\":\"WebSite\",\"@id\":\"https:\/\/www.keepi.sk\/#website\",\"url\":\"https:\/\/www.keepi.sk\/\",\"name\":\"Online \u00fa\u010dtovn\u00edctvo a faktur\u00e1cia\",\"description\":\"Keepi - tvoj osobn\u00fd \u00fa\u010dtovn\u00edk \/ Online \u00fa\u010dtovn\u00edctvo a faktur\u00e1cia\",\"publisher\":{\"@id\":\"https:\/\/www.keepi.sk\/#organization\"},\"potentialAction\":[{\"@type\":\"SearchAction\",\"target\":{\"@type\":\"EntryPoint\",\"urlTemplate\":\"https:\/\/www.keepi.sk\/?s={search_term_string}\"},\"query-input\":{\"@type\":\"PropertyValueSpecification\",\"valueRequired\":true,\"valueName\":\"search_term_string\"}}],\"inLanguage\":\"sk-SK\"},{\"@type\":\"Organization\",\"@id\":\"https:\/\/www.keepi.sk\/#organization\",\"name\":\"Keepi\",\"url\":\"https:\/\/www.keepi.sk\/\",\"logo\":{\"@type\":\"ImageObject\",\"inLanguage\":\"sk-SK\",\"@id\":\"https:\/\/www.keepi.sk\/#\/schema\/logo\/image\/\",\"url\":\"https:\/\/www.keepi.sk\/wp-content\/uploads\/2025\/10\/keepi-logo-header-2.png\",\"contentUrl\":\"https:\/\/www.keepi.sk\/wp-content\/uploads\/2025\/10\/keepi-logo-header-2.png\",\"width\":506,\"height\":144,\"caption\":\"Keepi\"},\"image\":{\"@id\":\"https:\/\/www.keepi.sk\/#\/schema\/logo\/image\/\"}}]}<\/script>\n<!-- \/ Yoast SEO Premium plugin. -->","yoast_head_json":{"title":"Obchodn\u00e9 podmienky - Keepi online \u00fa\u010dtovn\u00edctvo","robots":{"index":"index","follow":"follow","max-snippet":"max-snippet:-1","max-image-preview":"max-image-preview:large","max-video-preview":"max-video-preview:-1"},"canonical":"https:\/\/www.keepi.sk\/sk\/obchodne-podmienky\/","og_locale":"sk_SK","og_type":"article","og_title":"Obchodn\u00e9 podmienky","og_description":"V\u0161eobecn\u00e9 obchodn\u00e9 podmienky k pou\u017e\u00edvaniu aplik\u00e1cie Keepi V\u0161eobecn\u00e9 obchodn\u00e9 podmienky k pou\u017e\u00edvaniu aplik\u00e1cie Keepi platn\u00e9 od 19. 12. 2025 V\u0161eobecn\u00e9 obchodn\u00e9 podmienky k pou\u017e\u00edvaniu aplik\u00e1cie Keepi platn\u00e9 do 18. 12. 2025","og_url":"https:\/\/www.keepi.sk\/sk\/obchodne-podmienky\/","og_site_name":"Keepi online \u00fa\u010dtovn\u00edctvo","article_modified_time":"2025-12-27T21:31:19+00:00","twitter_card":"summary_large_image","twitter_misc":{"Predpokladan\u00fd \u010das \u010d\u00edtania":"1 min\u00fata"},"schema":{"@context":"https:\/\/schema.org","@graph":[{"@type":"WebPage","@id":"https:\/\/www.keepi.sk\/obchodne-podmienky\/","url":"https:\/\/www.keepi.sk\/obchodne-podmienky\/","name":"Obchodn\u00e9 podmienky - Keepi online \u00fa\u010dtovn\u00edctvo","isPartOf":{"@id":"https:\/\/www.keepi.sk\/#website"},"datePublished":"2024-05-27T09:24:13+00:00","dateModified":"2025-12-27T21:31:19+00:00","breadcrumb":{"@id":"https:\/\/www.keepi.sk\/obchodne-podmienky\/#breadcrumb"},"inLanguage":"sk-SK","potentialAction":[{"@type":"ReadAction","target":["https:\/\/www.keepi.sk\/obchodne-podmienky\/"]}]},{"@type":"BreadcrumbList","@id":"https:\/\/www.keepi.sk\/obchodne-podmienky\/#breadcrumb","itemListElement":[{"@type":"ListItem","position":1,"name":"Domov","item":"https:\/\/www.keepi.sk\/"},{"@type":"ListItem","position":2,"name":"Obchodn\u00e9 podmienky"}]},{"@type":"WebSite","@id":"https:\/\/www.keepi.sk\/#website","url":"https:\/\/www.keepi.sk\/","name":"Online \u00fa\u010dtovn\u00edctvo a faktur\u00e1cia","description":"Keepi - tvoj osobn\u00fd \u00fa\u010dtovn\u00edk \/ Online \u00fa\u010dtovn\u00edctvo a faktur\u00e1cia","publisher":{"@id":"https:\/\/www.keepi.sk\/#organization"},"potentialAction":[{"@type":"SearchAction","target":{"@type":"EntryPoint","urlTemplate":"https:\/\/www.keepi.sk\/?s={search_term_string}"},"query-input":{"@type":"PropertyValueSpecification","valueRequired":true,"valueName":"search_term_string"}}],"inLanguage":"sk-SK"},{"@type":"Organization","@id":"https:\/\/www.keepi.sk\/#organization","name":"Keepi","url":"https:\/\/www.keepi.sk\/","logo":{"@type":"ImageObject","inLanguage":"sk-SK","@id":"https:\/\/www.keepi.sk\/#\/schema\/logo\/image\/","url":"https:\/\/www.keepi.sk\/wp-content\/uploads\/2025\/10\/keepi-logo-header-2.png","contentUrl":"https:\/\/www.keepi.sk\/wp-content\/uploads\/2025\/10\/keepi-logo-header-2.png","width":506,"height":144,"caption":"Keepi"},"image":{"@id":"https:\/\/www.keepi.sk\/#\/schema\/logo\/image\/"}}]}},"_links":{"self":[{"href":"https:\/\/www.keepi.sk\/sk\/wp-json\/wp\/v2\/pages\/1740","targetHints":{"allow":["GET"]}}],"collection":[{"href":"https:\/\/www.keepi.sk\/sk\/wp-json\/wp\/v2\/pages"}],"about":[{"href":"https:\/\/www.keepi.sk\/sk\/wp-json\/wp\/v2\/types\/page"}],"author":[{"embeddable":true,"href":"https:\/\/www.keepi.sk\/sk\/wp-json\/wp\/v2\/users\/1"}],"replies":[{"embeddable":true,"href":"https:\/\/www.keepi.sk\/sk\/wp-json\/wp\/v2\/comments?post=1740"}],"version-history":[{"count":33,"href":"https:\/\/www.keepi.sk\/sk\/wp-json\/wp\/v2\/pages\/1740\/revisions"}],"predecessor-version":[{"id":32056,"href":"https:\/\/www.keepi.sk\/sk\/wp-json\/wp\/v2\/pages\/1740\/revisions\/32056"}],"wp:attachment":[{"href":"https:\/\/www.keepi.sk\/sk\/wp-json\/wp\/v2\/media?parent=1740"}],"curies":[{"name":"wp","href":"https:\/\/api.w.org\/{rel}","templated":true}]}}