{"id":5468,"date":"2019-12-03T09:31:03","date_gmt":"2019-12-03T08:31:03","guid":{"rendered":"https:\/\/www.keepi.sk\/?page_id=5468"},"modified":"2025-09-23T09:09:21","modified_gmt":"2025-09-23T07:09:21","slug":"politika-cookies","status":"publish","type":"page","link":"https:\/\/www.keepi.sk\/en\/ochrana-osobnych-udajov\/politika-cookies\/","title":{"rendered":"Politika cookies"},"content":{"rendered":"<div data-elementor-type=\"wp-page\" data-elementor-id=\"5468\" class=\"elementor elementor-5468\" data-elementor-post-type=\"page\">\n\t\t\t\t<div class=\"elementor-element elementor-element-568863cd e-flex e-con-boxed e-con e-parent\" data-id=\"568863cd\" data-element_type=\"container\" data-e-type=\"container\">\n\t\t\t\t\t<div class=\"e-con-inner\">\n\t\t<div class=\"elementor-element elementor-element-1620ec42 e-con-full e-flex e-con e-child\" data-id=\"1620ec42\" data-element_type=\"container\" data-e-type=\"container\">\n\t\t\t\t<div class=\"elementor-element elementor-element-61e839d3 elementor-widget elementor-widget-heading\" data-id=\"61e839d3\" data-element_type=\"widget\" data-e-type=\"widget\" data-widget_type=\"heading.default\">\n\t\t\t\t<div class=\"elementor-widget-container\">\n\t\t\t\t\t<h1 class=\"elementor-heading-title elementor-size-default\">Politika cookies<\/h1>\t\t\t\t<\/div>\n\t\t\t\t<\/div>\n\t\t\t\t<div class=\"elementor-element elementor-element-4d5c831d elementor-widget elementor-widget-spacer\" data-id=\"4d5c831d\" data-element_type=\"widget\" data-e-type=\"widget\" data-widget_type=\"spacer.default\">\n\t\t\t\t<div class=\"elementor-widget-container\">\n\t\t\t\t\t\t\t<div class=\"elementor-spacer\">\n\t\t\t<div class=\"elementor-spacer-inner\"><\/div>\n\t\t<\/div>\n\t\t\t\t\t\t<\/div>\n\t\t\t\t<\/div>\n\t\t\t\t<div class=\"elementor-element elementor-element-32e435e6 elementor-widget elementor-widget-text-editor\" data-id=\"32e435e6\" data-element_type=\"widget\" data-e-type=\"widget\" data-widget_type=\"text-editor.default\">\n\t\t\t\t<div class=\"elementor-widget-container\">\n\t\t\t\t\t\t\t\t\t<p><strong>Cookies, s\u00fa po\u010d\u00edta\u010dov\u00e9 \u00fadaje, ktor\u00e9 s\u00fa ulo\u017een\u00e9 v koncovom zariaden\u00ed pou\u017e\u00edvate\u013ea slu\u017eby a s\u00fa ur\u010den\u00e9 na vyu\u017eitie pri prehliadan\u00ed webov\u00fdch str\u00e1nok. Nasleduj\u00face prehl\u00e1senie o cookies je automaticky generovan\u00e9 slu\u017ebou Cookiebot, ktor\u00fa pre ich spr\u00e1vu vyu\u017e\u00edvame.<\/strong><\/p>\t\t\t\t\t\t\t\t<\/div>\n\t\t\t\t<\/div>\n\t\t\t\t<div class=\"elementor-element elementor-element-4069da9d elementor-widget elementor-widget-spacer\" data-id=\"4069da9d\" data-element_type=\"widget\" data-e-type=\"widget\" data-widget_type=\"spacer.default\">\n\t\t\t\t<div class=\"elementor-widget-container\">\n\t\t\t\t\t\t\t<div class=\"elementor-spacer\">\n\t\t\t<div class=\"elementor-spacer-inner\"><\/div>\n\t\t<\/div>\n\t\t\t\t\t\t<\/div>\n\t\t\t\t<\/div>\n\t\t\t\t<div class=\"elementor-element elementor-element-fef6b02 elementor-widget elementor-widget-html\" data-id=\"fef6b02\" data-element_type=\"widget\" data-e-type=\"widget\" data-widget_type=\"html.default\">\n\t\t\t\t<div class=\"elementor-widget-container\">\n\t\t\t\t\t<script\n\t\ttype=\"text\/javascript\"\n\t\tid=\"CookieDeclaration\"\n\t\tsrc=\"https:\/\/consent.cookiebot.com\/af855d65-abd5-4614-97b3-3c77c8aca818\/cd.js\"\n\t\t\tdata-culture=\"EN\"\n\t\t><\/script>\n\t\t\t\t<\/div>\n\t\t\t\t<\/div>\n\t\t\t\t<div class=\"elementor-element elementor-element-d7884b7 elementor-widget elementor-widget-spacer\" data-id=\"d7884b7\" data-element_type=\"widget\" data-e-type=\"widget\" data-widget_type=\"spacer.default\">\n\t\t\t\t<div class=\"elementor-widget-container\">\n\t\t\t\t\t\t\t<div class=\"elementor-spacer\">\n\t\t\t<div class=\"elementor-spacer-inner\"><\/div>\n\t\t<\/div>\n\t\t\t\t\t\t<\/div>\n\t\t\t\t<\/div>\n\t\t\t\t<\/div>\n\t\t\t\t\t<\/div>\n\t\t\t\t<\/div>\n\t\t\t\t<\/div>","protected":false},"excerpt":{"rendered":"<p>Cookies, s\u00fa po\u010d\u00edta\u010dov\u00e9 \u00fadaje, ktor\u00e9 s\u00fa ulo\u017een\u00e9 v koncovom zariaden\u00ed pou\u017e\u00edvate\u013ea slu\u017eby a s\u00fa ur\u010den\u00e9 na vyu\u017eitie pri prehliadan\u00ed webov\u00fdch str\u00e1nok. Nasleduj\u00face prehl\u00e1senie o cookies je automaticky generovan\u00e9 slu\u017ebou Cookiebot, ktor\u00fa pre ich spr\u00e1vu vyu\u017e\u00edvame.<\/p>","protected":false},"author":4,"featured_media":0,"parent":5158,"menu_order":2,"comment_status":"closed","ping_status":"closed","template":"","meta":{"footnotes":""},"class_list":["post-5468","page","type-page","status-publish","hentry"],"yoast_head":"<!-- This site is optimized with the Yoast SEO Premium plugin v26.2 (Yoast SEO v26.2) - https:\/\/yoast.com\/wordpress\/plugins\/seo\/ -->\n<title>Politika cookies - Keepi online \u00fa\u010dtovn\u00edctvo<\/title>\n<meta name=\"robots\" content=\"index, follow, max-snippet:-1, max-image-preview:large, max-video-preview:-1\" \/>\n<link rel=\"canonical\" href=\"https:\/\/www.keepi.sk\/en\/ochrana-osobnych-udajov\/politika-cookies\/\" \/>\n<meta property=\"og:locale\" content=\"en_US\" \/>\n<meta property=\"og:type\" content=\"article\" \/>\n<meta property=\"og:title\" content=\"Politika cookies\" \/>\n<meta property=\"og:description\" content=\"Cookies, s\u00fa po\u010d\u00edta\u010dov\u00e9 \u00fadaje, ktor\u00e9 s\u00fa ulo\u017een\u00e9 v koncovom zariaden\u00ed pou\u017e\u00edvate\u013ea slu\u017eby a s\u00fa ur\u010den\u00e9 na vyu\u017eitie pri prehliadan\u00ed webov\u00fdch str\u00e1nok. Nasleduj\u00face prehl\u00e1senie o cookies je automaticky generovan\u00e9 slu\u017ebou Cookiebot, ktor\u00fa pre ich spr\u00e1vu vyu\u017e\u00edvame.\" \/>\n<meta property=\"og:url\" content=\"https:\/\/www.keepi.sk\/en\/ochrana-osobnych-udajov\/politika-cookies\/\" \/>\n<meta property=\"og:site_name\" content=\"Keepi online \u00fa\u010dtovn\u00edctvo\" \/>\n<meta property=\"article:modified_time\" content=\"2025-09-23T07:09:21+00:00\" \/>\n<meta name=\"twitter:card\" content=\"summary_large_image\" \/>\n<script type=\"application\/ld+json\" class=\"yoast-schema-graph\">{\"@context\":\"https:\/\/schema.org\",\"@graph\":[{\"@type\":\"WebPage\",\"@id\":\"https:\/\/www.keepi.sk\/ochrana-osobnych-udajov\/politika-cookies\/\",\"url\":\"https:\/\/www.keepi.sk\/ochrana-osobnych-udajov\/politika-cookies\/\",\"name\":\"Politika cookies - Keepi online \u00fa\u010dtovn\u00edctvo\",\"isPartOf\":{\"@id\":\"https:\/\/www.keepi.sk\/#website\"},\"datePublished\":\"2019-12-03T08:31:03+00:00\",\"dateModified\":\"2025-09-23T07:09:21+00:00\",\"breadcrumb\":{\"@id\":\"https:\/\/www.keepi.sk\/ochrana-osobnych-udajov\/politika-cookies\/#breadcrumb\"},\"inLanguage\":\"en-US\",\"potentialAction\":[{\"@type\":\"ReadAction\",\"target\":[\"https:\/\/www.keepi.sk\/ochrana-osobnych-udajov\/politika-cookies\/\"]}]},{\"@type\":\"BreadcrumbList\",\"@id\":\"https:\/\/www.keepi.sk\/ochrana-osobnych-udajov\/politika-cookies\/#breadcrumb\",\"itemListElement\":[{\"@type\":\"ListItem\",\"position\":1,\"name\":\"Domov\",\"item\":\"https:\/\/www.keepi.sk\/\"},{\"@type\":\"ListItem\",\"position\":2,\"name\":\"Ochrana osobn\u00fdch \u00fadajov\",\"item\":\"https:\/\/www.keepi.sk\/ochrana-osobnych-udajov\/\"},{\"@type\":\"ListItem\",\"position\":3,\"name\":\"Politika cookies\"}]},{\"@type\":\"WebSite\",\"@id\":\"https:\/\/www.keepi.sk\/#website\",\"url\":\"https:\/\/www.keepi.sk\/\",\"name\":\"Online \u00fa\u010dtovn\u00edctvo a faktur\u00e1cia\",\"description\":\"Keepi - tvoj osobn\u00fd \u00fa\u010dtovn\u00edk \/ Online \u00fa\u010dtovn\u00edctvo a faktur\u00e1cia\",\"publisher\":{\"@id\":\"https:\/\/www.keepi.sk\/#organization\"},\"potentialAction\":[{\"@type\":\"SearchAction\",\"target\":{\"@type\":\"EntryPoint\",\"urlTemplate\":\"https:\/\/www.keepi.sk\/?s={search_term_string}\"},\"query-input\":{\"@type\":\"PropertyValueSpecification\",\"valueRequired\":true,\"valueName\":\"search_term_string\"}}],\"inLanguage\":\"en-US\"},{\"@type\":\"Organization\",\"@id\":\"https:\/\/www.keepi.sk\/#organization\",\"name\":\"Keepi\",\"url\":\"https:\/\/www.keepi.sk\/\",\"logo\":{\"@type\":\"ImageObject\",\"inLanguage\":\"en-US\",\"@id\":\"https:\/\/www.keepi.sk\/#\/schema\/logo\/image\/\",\"url\":\"https:\/\/www.keepi.sk\/wp-content\/uploads\/2025\/10\/keepi-logo-header-2.png\",\"contentUrl\":\"https:\/\/www.keepi.sk\/wp-content\/uploads\/2025\/10\/keepi-logo-header-2.png\",\"width\":506,\"height\":144,\"caption\":\"Keepi\"},\"image\":{\"@id\":\"https:\/\/www.keepi.sk\/#\/schema\/logo\/image\/\"}}]}<\/script>\n<!-- \/ Yoast SEO Premium plugin. -->","yoast_head_json":{"title":"Politika cookies - Keepi online \u00fa\u010dtovn\u00edctvo","robots":{"index":"index","follow":"follow","max-snippet":"max-snippet:-1","max-image-preview":"max-image-preview:large","max-video-preview":"max-video-preview:-1"},"canonical":"https:\/\/www.keepi.sk\/en\/ochrana-osobnych-udajov\/politika-cookies\/","og_locale":"en_US","og_type":"article","og_title":"Politika cookies","og_description":"Cookies, s\u00fa po\u010d\u00edta\u010dov\u00e9 \u00fadaje, ktor\u00e9 s\u00fa ulo\u017een\u00e9 v koncovom zariaden\u00ed pou\u017e\u00edvate\u013ea slu\u017eby a s\u00fa ur\u010den\u00e9 na vyu\u017eitie pri prehliadan\u00ed webov\u00fdch str\u00e1nok. Nasleduj\u00face prehl\u00e1senie o cookies je automaticky generovan\u00e9 slu\u017ebou Cookiebot, ktor\u00fa pre ich spr\u00e1vu vyu\u017e\u00edvame.","og_url":"https:\/\/www.keepi.sk\/en\/ochrana-osobnych-udajov\/politika-cookies\/","og_site_name":"Keepi online \u00fa\u010dtovn\u00edctvo","article_modified_time":"2025-09-23T07:09:21+00:00","twitter_card":"summary_large_image","schema":{"@context":"https:\/\/schema.org","@graph":[{"@type":"WebPage","@id":"https:\/\/www.keepi.sk\/ochrana-osobnych-udajov\/politika-cookies\/","url":"https:\/\/www.keepi.sk\/ochrana-osobnych-udajov\/politika-cookies\/","name":"Politika cookies - Keepi online \u00fa\u010dtovn\u00edctvo","isPartOf":{"@id":"https:\/\/www.keepi.sk\/#website"},"datePublished":"2019-12-03T08:31:03+00:00","dateModified":"2025-09-23T07:09:21+00:00","breadcrumb":{"@id":"https:\/\/www.keepi.sk\/ochrana-osobnych-udajov\/politika-cookies\/#breadcrumb"},"inLanguage":"en-US","potentialAction":[{"@type":"ReadAction","target":["https:\/\/www.keepi.sk\/ochrana-osobnych-udajov\/politika-cookies\/"]}]},{"@type":"BreadcrumbList","@id":"https:\/\/www.keepi.sk\/ochrana-osobnych-udajov\/politika-cookies\/#breadcrumb","itemListElement":[{"@type":"ListItem","position":1,"name":"Domov","item":"https:\/\/www.keepi.sk\/"},{"@type":"ListItem","position":2,"name":"Ochrana osobn\u00fdch \u00fadajov","item":"https:\/\/www.keepi.sk\/ochrana-osobnych-udajov\/"},{"@type":"ListItem","position":3,"name":"Politika cookies"}]},{"@type":"WebSite","@id":"https:\/\/www.keepi.sk\/#website","url":"https:\/\/www.keepi.sk\/","name":"Online \u00fa\u010dtovn\u00edctvo a faktur\u00e1cia","description":"Keepi - tvoj osobn\u00fd \u00fa\u010dtovn\u00edk \/ Online \u00fa\u010dtovn\u00edctvo a faktur\u00e1cia","publisher":{"@id":"https:\/\/www.keepi.sk\/#organization"},"potentialAction":[{"@type":"SearchAction","target":{"@type":"EntryPoint","urlTemplate":"https:\/\/www.keepi.sk\/?s={search_term_string}"},"query-input":{"@type":"PropertyValueSpecification","valueRequired":true,"valueName":"search_term_string"}}],"inLanguage":"en-US"},{"@type":"Organization","@id":"https:\/\/www.keepi.sk\/#organization","name":"Keepi","url":"https:\/\/www.keepi.sk\/","logo":{"@type":"ImageObject","inLanguage":"en-US","@id":"https:\/\/www.keepi.sk\/#\/schema\/logo\/image\/","url":"https:\/\/www.keepi.sk\/wp-content\/uploads\/2025\/10\/keepi-logo-header-2.png","contentUrl":"https:\/\/www.keepi.sk\/wp-content\/uploads\/2025\/10\/keepi-logo-header-2.png","width":506,"height":144,"caption":"Keepi"},"image":{"@id":"https:\/\/www.keepi.sk\/#\/schema\/logo\/image\/"}}]}},"_links":{"self":[{"href":"https:\/\/www.keepi.sk\/en\/wp-json\/wp\/v2\/pages\/5468","targetHints":{"allow":["GET"]}}],"collection":[{"href":"https:\/\/www.keepi.sk\/en\/wp-json\/wp\/v2\/pages"}],"about":[{"href":"https:\/\/www.keepi.sk\/en\/wp-json\/wp\/v2\/types\/page"}],"author":[{"embeddable":true,"href":"https:\/\/www.keepi.sk\/en\/wp-json\/wp\/v2\/users\/4"}],"replies":[{"embeddable":true,"href":"https:\/\/www.keepi.sk\/en\/wp-json\/wp\/v2\/comments?post=5468"}],"version-history":[{"count":27,"href":"https:\/\/www.keepi.sk\/en\/wp-json\/wp\/v2\/pages\/5468\/revisions"}],"predecessor-version":[{"id":29716,"href":"https:\/\/www.keepi.sk\/en\/wp-json\/wp\/v2\/pages\/5468\/revisions\/29716"}],"up":[{"embeddable":true,"href":"https:\/\/www.keepi.sk\/en\/wp-json\/wp\/v2\/pages\/5158"}],"wp:attachment":[{"href":"https:\/\/www.keepi.sk\/en\/wp-json\/wp\/v2\/media?parent=5468"}],"curies":[{"name":"wp","href":"https:\/\/api.w.org\/{rel}","templated":true}]}}