{"id":5451,"date":"2019-06-01T09:18:40","date_gmt":"2019-06-01T07:18:40","guid":{"rendered":"https:\/\/www.keepi.sk\/?page_id=5451"},"modified":"2024-11-19T09:30:01","modified_gmt":"2024-11-19T08:30:01","slug":"suhlas-so-spracovanim-ou-pre-marketingove-ucely","status":"publish","type":"page","link":"https:\/\/www.keepi.sk\/en\/ochrana-osobnych-udajov\/suhlas-so-spracovanim-ou-pre-marketingove-ucely\/","title":{"rendered":"S\u00fahlas so spracovan\u00edm O\u00da pre marketingov\u00e9 \u00fa\u010dely"},"content":{"rendered":"<div data-elementor-type=\"wp-page\" data-elementor-id=\"5451\" class=\"elementor elementor-5451\" data-elementor-post-type=\"page\">\n\t\t\t\t<div class=\"elementor-element elementor-element-5a4e3d3e e-flex e-con-boxed e-con e-parent\" data-id=\"5a4e3d3e\" data-element_type=\"container\" data-e-type=\"container\">\n\t\t\t\t\t<div class=\"e-con-inner\">\n\t\t<div class=\"elementor-element elementor-element-20bc1a5b e-con-full e-flex e-con e-child\" data-id=\"20bc1a5b\" data-element_type=\"container\" data-e-type=\"container\">\n\t\t\t\t<div class=\"elementor-element elementor-element-50f0f0ea elementor-widget elementor-widget-heading\" data-id=\"50f0f0ea\" data-element_type=\"widget\" data-e-type=\"widget\" data-widget_type=\"heading.default\">\n\t\t\t\t<div class=\"elementor-widget-container\">\n\t\t\t\t\t<h1 class=\"elementor-heading-title elementor-size-default\">S\u00fahlas so spracovan\u00edm osobn\u00fdch \u00fadajov pre marketingov\u00e9 \u00fa\u010dely<\/h1>\t\t\t\t<\/div>\n\t\t\t\t<\/div>\n\t\t\t\t<div class=\"elementor-element elementor-element-3548dcbb elementor-widget elementor-widget-spacer\" data-id=\"3548dcbb\" data-element_type=\"widget\" data-e-type=\"widget\" data-widget_type=\"spacer.default\">\n\t\t\t\t<div class=\"elementor-widget-container\">\n\t\t\t\t\t\t\t<div class=\"elementor-spacer\">\n\t\t\t<div class=\"elementor-spacer-inner\"><\/div>\n\t\t<\/div>\n\t\t\t\t\t\t<\/div>\n\t\t\t\t<\/div>\n\t\t\t\t<div class=\"elementor-element elementor-element-27302754 elementor-widget elementor-widget-post-info\" data-id=\"27302754\" data-element_type=\"widget\" data-e-type=\"widget\" data-widget_type=\"post-info.default\">\n\t\t\t\t<div class=\"elementor-widget-container\">\n\t\t\t\t\t\t\t<ul class=\"elementor-inline-items elementor-icon-list-items elementor-post-info\">\n\t\t\t\t\t\t\t\t<li class=\"elementor-icon-list-item elementor-repeater-item-f0282cb elementor-inline-item\" itemprop=\"datePublished\">\n\t\t\t\t\t\t\t\t\t\t\t\t\t<span class=\"elementor-icon-list-text elementor-post-info__item elementor-post-info__item--type-date\">\n\t\t\t\t\t\t\t\t\t\t<time>01.06.2019<\/time>\t\t\t\t\t<\/span>\n\t\t\t\t\t\t\t\t<\/li>\n\t\t\t\t<\/ul>\n\t\t\t\t\t\t<\/div>\n\t\t\t\t<\/div>\n\t\t\t\t<div class=\"elementor-element elementor-element-7c880f2e elementor-widget elementor-widget-spacer\" data-id=\"7c880f2e\" data-element_type=\"widget\" data-e-type=\"widget\" data-widget_type=\"spacer.default\">\n\t\t\t\t<div class=\"elementor-widget-container\">\n\t\t\t\t\t\t\t<div class=\"elementor-spacer\">\n\t\t\t<div class=\"elementor-spacer-inner\"><\/div>\n\t\t<\/div>\n\t\t\t\t\t\t<\/div>\n\t\t\t\t<\/div>\n\t\t\t\t<div class=\"elementor-element elementor-element-13a31d40 elementor-widget elementor-widget-text-editor\" data-id=\"13a31d40\" data-element_type=\"widget\" data-e-type=\"widget\" data-widget_type=\"text-editor.default\">\n\t\t\t\t<div class=\"elementor-widget-container\">\n\t\t\t\t\t\t\t\t\t<p><strong>Ozna\u010den\u00edm pol\u00ed\u010dka vo formul\u00e1ri ude\u013eujete spolo\u010dnosti SOFTIP, a.s., so s\u00eddlom Krasovsk\u00e9ho 14, 851 01 Bratislava &#8211; mestsk\u00e1 \u010das\u0165 Petr\u017ealka, I\u010cO: 36785512, zap\u00edsan\u00e1 v obchodnom registri vedenom Mestsk\u00fdm s\u00fadom Bratislava III, oddiel Sa, vlo\u017eka \u010d. 4151\/B ako prev\u00e1dzkovate\u013eovi (\u010falej len \u201eSOFTIP&#8220;) s\u00fahlas so sprac\u00favan\u00edm osobn\u00fdch \u00fadajov uveden\u00fdch vo formul\u00e1ri, a to na \u00fa\u010del oslovenia s ponukou produktov a slu\u017eieb ako aj in\u00fdch marketingov\u00fdch aktiv\u00edt uskuto\u010d\u0148ovan\u00fdch spolo\u010dnos\u0165ou SOFTIP.<\/strong><\/p>\t\t\t\t\t\t\t\t<\/div>\n\t\t\t\t<\/div>\n\t\t\t\t<div class=\"elementor-element elementor-element-4ee8c8ce elementor-widget elementor-widget-spacer\" data-id=\"4ee8c8ce\" data-element_type=\"widget\" data-e-type=\"widget\" data-widget_type=\"spacer.default\">\n\t\t\t\t<div class=\"elementor-widget-container\">\n\t\t\t\t\t\t\t<div class=\"elementor-spacer\">\n\t\t\t<div class=\"elementor-spacer-inner\"><\/div>\n\t\t<\/div>\n\t\t\t\t\t\t<\/div>\n\t\t\t\t<\/div>\n\t\t\t\t<div class=\"elementor-element elementor-element-400e6921 elementor-widget elementor-widget-text-editor\" data-id=\"400e6921\" data-element_type=\"widget\" data-e-type=\"widget\" data-widget_type=\"text-editor.default\">\n\t\t\t\t<div class=\"elementor-widget-container\">\n\t\t\t\t\t\t\t\t\t<p>\u00da\u010del sprac\u00favania osobn\u00fdch \u00fadajov je realiz\u00e1cia marketingov\u00fdch aktiv\u00edt spolo\u010dnosti SOFTIP a zah\u0155\u0148a zasielanie inform\u00e1ci\u00ed o novink\u00e1ch a \u010dasovo obmedzen\u00fdch zv\u00fdhodnen\u00fdch ponuk\u00e1ch v oblasti spolo\u010dnos\u0165ou poskytovan\u00fdch slu\u017eieb a cel\u00e9ho produktov\u00e9ho portf\u00f3lia. \u010ealej inform\u00e1cie o podujatiach, ktor\u00e9 spolo\u010dnos\u0165 sama organizuje, alebo na nich partnersky spolupracuje.<\/p><p>\u00a0<\/p><p>Zasielan\u00e9 inform\u00e1cie maj\u00fa obvykle podobu \u0161tandardnej elektronickej komunik\u00e1cie &#8211; emailovej spr\u00e1vy, zasielanej bu\u010f hromadne z v\u0161eobecn\u00fdch firemn\u00fdch adries, alebo individu\u00e1lne zasielan\u00e9 vybran\u00fdmi zamestnancami; menej \u010dasto vyu\u017e\u00edvan\u00e9 formy s\u00fa: zasielanie listov\u00fdch z\u00e1sielok a telefonick\u00e9 kontaktovanie.<\/p><p>\u00a0<\/p><p>Udelenie s\u00fahlasu so sprac\u00favan\u00edm osobn\u00fdch \u00fadajov je dobrovo\u013en\u00e9.<\/p><p>\u00a0<\/p><p>S\u00fahlas je udelen\u00fd na dobu do z\u00e1niku \u00fa\u010delu sprac\u00favania osobn\u00fdch \u00fadajov.<\/p><p>\u00a0<\/p><p>Osobn\u00e9 \u00fadaje nebud\u00fa zverej\u0148ovan\u00e9 bez dodato\u010dn\u00e9ho s\u00fahlasu popisuj\u00faceho presn\u00fd rozsah a \u00fa\u010del ich pou\u017eitia, nebud\u00fa spr\u00edstup\u0148ovan\u00e9 a poskytovan\u00e9 tret\u00edm stran\u00e1m (s v\u00fdnimkou pr\u00edpadov ustanoven\u00fdch pr\u00e1vnymi predpismi). Osobn\u00e9 \u00fadaje nezam\u00fd\u0161\u013eame pren\u00e1\u0161a\u0165 do tret\u00edch kraj\u00edn.<\/p><p>\u00a0<\/p><p>Ako dotknut\u00e1 osoba m\u00e1te pr\u00e1vo poskytnut\u00fd s\u00fahlas so sprac\u00favan\u00edm osobn\u00fdch \u00fadajov kedyko\u013evek odvola\u0165, p\u00edsomne na po\u0161tov\u00fa adresu SOFTIP alebo emailom na adresu <a href=\"mailto:marketing@www.keepi.sk\">marketing@www.keepi.sk<\/a>.<\/p><p>\u00a0<\/p><p>M\u00e1te pr\u00e1vo po\u017eadova\u0165 obmedzenie sprac\u00favania osobn\u00fdch \u00fadajov z d\u00f4vodu odvolania s\u00fahlasu pred uplynut\u00edm \u010dasu jeho platnosti, \u017eiada\u0165 likvid\u00e1ciu osobn\u00fdch \u00fadajov, ktor\u00fdch \u00fa\u010del sprac\u00favania sa skon\u010dil, po\u017eadova\u0165 opravu alebo likvid\u00e1ciu nespr\u00e1vnych, ne\u00fapln\u00fdch alebo neaktu\u00e1lnych osobn\u00fdch \u00fadajov ako aj \u010fal\u0161ie pr\u00e1va uveden\u00e9 v kapitole III. Nariadenia Eur\u00f3pskeho parlamentu a Rady (E\u00da) 2016\/679 z 27. apr\u00edla 2016 o ochrane fyzick\u00fdch os\u00f4b pri sprac\u00favan\u00ed osobn\u00fdch \u00fadajov a o vo\u013enom pohybe tak\u00fdchto \u00fadajov (v\u0161eobecn\u00e9 nariadenie o ochrane \u00fadajov &#8211; GDPR).<\/p>\t\t\t\t\t\t\t\t<\/div>\n\t\t\t\t<\/div>\n\t\t\t\t<div class=\"elementor-element elementor-element-47f40fe elementor-widget elementor-widget-spacer\" data-id=\"47f40fe\" data-element_type=\"widget\" data-e-type=\"widget\" data-widget_type=\"spacer.default\">\n\t\t\t\t<div class=\"elementor-widget-container\">\n\t\t\t\t\t\t\t<div class=\"elementor-spacer\">\n\t\t\t<div class=\"elementor-spacer-inner\"><\/div>\n\t\t<\/div>\n\t\t\t\t\t\t<\/div>\n\t\t\t\t<\/div>\n\t\t\t\t<\/div>\n\t\t\t\t\t<\/div>\n\t\t\t\t<\/div>\n\t\t\t\t<\/div>","protected":false},"excerpt":{"rendered":"<p>S\u00fahlas so spracovan\u00edm osobn\u00fdch \u00fadajov pre marketingov\u00e9 \u00fa\u010dely Ozna\u010den\u00edm pol\u00ed\u010dka vo formul\u00e1ri ude\u013eujete spolo\u010dnosti SOFTIP, a.s., so s\u00eddlom Krasovsk\u00e9ho 14, 851 01 Bratislava &#8211; mestsk\u00e1 \u010das\u0165 Petr\u017ealka, I\u010cO: 36785512, zap\u00edsan\u00e1 v obchodnom registri vedenom Mestsk\u00fdm s\u00fadom Bratislava III, oddiel Sa, vlo\u017eka \u010d. 4151\/B ako prev\u00e1dzkovate\u013eovi (\u010falej len \u201eSOFTIP&#8220;) s\u00fahlas so sprac\u00favan\u00edm osobn\u00fdch \u00fadajov uveden\u00fdch vo [&hellip;]<\/p>\n","protected":false},"author":4,"featured_media":0,"parent":5158,"menu_order":1,"comment_status":"closed","ping_status":"closed","template":"","meta":{"footnotes":""},"class_list":["post-5451","page","type-page","status-publish","hentry"],"yoast_head":"<!-- This site is optimized with the Yoast SEO Premium plugin v26.2 (Yoast SEO v26.2) - https:\/\/yoast.com\/wordpress\/plugins\/seo\/ -->\n<title>S\u00fahlas so spracovan\u00edm O\u00da pre marketingov\u00e9 \u00fa\u010dely - Keepi online \u00fa\u010dtovn\u00edctvo<\/title>\n<meta name=\"robots\" content=\"index, follow, max-snippet:-1, max-image-preview:large, max-video-preview:-1\" \/>\n<link rel=\"canonical\" href=\"https:\/\/www.keepi.sk\/en\/ochrana-osobnych-udajov\/suhlas-so-spracovanim-ou-pre-marketingove-ucely\/\" \/>\n<meta property=\"og:locale\" content=\"en_US\" \/>\n<meta property=\"og:type\" content=\"article\" \/>\n<meta property=\"og:title\" content=\"S\u00fahlas so spracovan\u00edm O\u00da pre marketingov\u00e9 \u00fa\u010dely\" \/>\n<meta property=\"og:description\" content=\"S\u00fahlas so spracovan\u00edm osobn\u00fdch \u00fadajov pre marketingov\u00e9 \u00fa\u010dely Ozna\u010den\u00edm pol\u00ed\u010dka vo formul\u00e1ri ude\u013eujete spolo\u010dnosti SOFTIP, a.s., so s\u00eddlom Krasovsk\u00e9ho 14, 851 01 Bratislava &#8211; mestsk\u00e1 \u010das\u0165 Petr\u017ealka, I\u010cO: 36785512, zap\u00edsan\u00e1 v obchodnom registri vedenom Mestsk\u00fdm s\u00fadom Bratislava III, oddiel Sa, vlo\u017eka \u010d. 4151\/B ako prev\u00e1dzkovate\u013eovi (\u010falej len \u201eSOFTIP&#8220;) s\u00fahlas so sprac\u00favan\u00edm osobn\u00fdch \u00fadajov uveden\u00fdch vo [&hellip;]\" \/>\n<meta property=\"og:url\" content=\"https:\/\/www.keepi.sk\/en\/ochrana-osobnych-udajov\/suhlas-so-spracovanim-ou-pre-marketingove-ucely\/\" \/>\n<meta property=\"og:site_name\" content=\"Keepi online \u00fa\u010dtovn\u00edctvo\" \/>\n<meta property=\"article:modified_time\" content=\"2024-11-19T08:30:01+00:00\" \/>\n<meta name=\"twitter:card\" content=\"summary_large_image\" \/>\n<meta name=\"twitter:label1\" content=\"Est. reading time\" \/>\n\t<meta name=\"twitter:data1\" content=\"2 minutes\" \/>\n<script type=\"application\/ld+json\" class=\"yoast-schema-graph\">{\"@context\":\"https:\/\/schema.org\",\"@graph\":[{\"@type\":\"WebPage\",\"@id\":\"https:\/\/www.keepi.sk\/ochrana-osobnych-udajov\/suhlas-so-spracovanim-ou-pre-marketingove-ucely\/\",\"url\":\"https:\/\/www.keepi.sk\/ochrana-osobnych-udajov\/suhlas-so-spracovanim-ou-pre-marketingove-ucely\/\",\"name\":\"S\u00fahlas so spracovan\u00edm O\u00da pre marketingov\u00e9 \u00fa\u010dely - Keepi online \u00fa\u010dtovn\u00edctvo\",\"isPartOf\":{\"@id\":\"https:\/\/www.keepi.sk\/#website\"},\"datePublished\":\"2019-06-01T07:18:40+00:00\",\"dateModified\":\"2024-11-19T08:30:01+00:00\",\"breadcrumb\":{\"@id\":\"https:\/\/www.keepi.sk\/ochrana-osobnych-udajov\/suhlas-so-spracovanim-ou-pre-marketingove-ucely\/#breadcrumb\"},\"inLanguage\":\"en-US\",\"potentialAction\":[{\"@type\":\"ReadAction\",\"target\":[\"https:\/\/www.keepi.sk\/ochrana-osobnych-udajov\/suhlas-so-spracovanim-ou-pre-marketingove-ucely\/\"]}]},{\"@type\":\"BreadcrumbList\",\"@id\":\"https:\/\/www.keepi.sk\/ochrana-osobnych-udajov\/suhlas-so-spracovanim-ou-pre-marketingove-ucely\/#breadcrumb\",\"itemListElement\":[{\"@type\":\"ListItem\",\"position\":1,\"name\":\"Domov\",\"item\":\"https:\/\/www.keepi.sk\/\"},{\"@type\":\"ListItem\",\"position\":2,\"name\":\"Ochrana osobn\u00fdch \u00fadajov\",\"item\":\"https:\/\/www.keepi.sk\/ochrana-osobnych-udajov\/\"},{\"@type\":\"ListItem\",\"position\":3,\"name\":\"S\u00fahlas so spracovan\u00edm O\u00da pre marketingov\u00e9 \u00fa\u010dely\"}]},{\"@type\":\"WebSite\",\"@id\":\"https:\/\/www.keepi.sk\/#website\",\"url\":\"https:\/\/www.keepi.sk\/\",\"name\":\"Online \u00fa\u010dtovn\u00edctvo a faktur\u00e1cia\",\"description\":\"Keepi - tvoj osobn\u00fd \u00fa\u010dtovn\u00edk \/ Online \u00fa\u010dtovn\u00edctvo a faktur\u00e1cia\",\"publisher\":{\"@id\":\"https:\/\/www.keepi.sk\/#organization\"},\"potentialAction\":[{\"@type\":\"SearchAction\",\"target\":{\"@type\":\"EntryPoint\",\"urlTemplate\":\"https:\/\/www.keepi.sk\/?s={search_term_string}\"},\"query-input\":{\"@type\":\"PropertyValueSpecification\",\"valueRequired\":true,\"valueName\":\"search_term_string\"}}],\"inLanguage\":\"en-US\"},{\"@type\":\"Organization\",\"@id\":\"https:\/\/www.keepi.sk\/#organization\",\"name\":\"Keepi\",\"url\":\"https:\/\/www.keepi.sk\/\",\"logo\":{\"@type\":\"ImageObject\",\"inLanguage\":\"en-US\",\"@id\":\"https:\/\/www.keepi.sk\/#\/schema\/logo\/image\/\",\"url\":\"https:\/\/www.keepi.sk\/wp-content\/uploads\/2025\/10\/keepi-logo-header-2.png\",\"contentUrl\":\"https:\/\/www.keepi.sk\/wp-content\/uploads\/2025\/10\/keepi-logo-header-2.png\",\"width\":506,\"height\":144,\"caption\":\"Keepi\"},\"image\":{\"@id\":\"https:\/\/www.keepi.sk\/#\/schema\/logo\/image\/\"}}]}<\/script>\n<!-- \/ Yoast SEO Premium plugin. -->","yoast_head_json":{"title":"S\u00fahlas so spracovan\u00edm O\u00da pre marketingov\u00e9 \u00fa\u010dely - Keepi online \u00fa\u010dtovn\u00edctvo","robots":{"index":"index","follow":"follow","max-snippet":"max-snippet:-1","max-image-preview":"max-image-preview:large","max-video-preview":"max-video-preview:-1"},"canonical":"https:\/\/www.keepi.sk\/en\/ochrana-osobnych-udajov\/suhlas-so-spracovanim-ou-pre-marketingove-ucely\/","og_locale":"en_US","og_type":"article","og_title":"S\u00fahlas so spracovan\u00edm O\u00da pre marketingov\u00e9 \u00fa\u010dely","og_description":"S\u00fahlas so spracovan\u00edm osobn\u00fdch \u00fadajov pre marketingov\u00e9 \u00fa\u010dely Ozna\u010den\u00edm pol\u00ed\u010dka vo formul\u00e1ri ude\u013eujete spolo\u010dnosti SOFTIP, a.s., so s\u00eddlom Krasovsk\u00e9ho 14, 851 01 Bratislava &#8211; mestsk\u00e1 \u010das\u0165 Petr\u017ealka, I\u010cO: 36785512, zap\u00edsan\u00e1 v obchodnom registri vedenom Mestsk\u00fdm s\u00fadom Bratislava III, oddiel Sa, vlo\u017eka \u010d. 4151\/B ako prev\u00e1dzkovate\u013eovi (\u010falej len \u201eSOFTIP&#8220;) s\u00fahlas so sprac\u00favan\u00edm osobn\u00fdch \u00fadajov uveden\u00fdch vo [&hellip;]","og_url":"https:\/\/www.keepi.sk\/en\/ochrana-osobnych-udajov\/suhlas-so-spracovanim-ou-pre-marketingove-ucely\/","og_site_name":"Keepi online \u00fa\u010dtovn\u00edctvo","article_modified_time":"2024-11-19T08:30:01+00:00","twitter_card":"summary_large_image","twitter_misc":{"Est. reading time":"2 minutes"},"schema":{"@context":"https:\/\/schema.org","@graph":[{"@type":"WebPage","@id":"https:\/\/www.keepi.sk\/ochrana-osobnych-udajov\/suhlas-so-spracovanim-ou-pre-marketingove-ucely\/","url":"https:\/\/www.keepi.sk\/ochrana-osobnych-udajov\/suhlas-so-spracovanim-ou-pre-marketingove-ucely\/","name":"S\u00fahlas so spracovan\u00edm O\u00da pre marketingov\u00e9 \u00fa\u010dely - Keepi online \u00fa\u010dtovn\u00edctvo","isPartOf":{"@id":"https:\/\/www.keepi.sk\/#website"},"datePublished":"2019-06-01T07:18:40+00:00","dateModified":"2024-11-19T08:30:01+00:00","breadcrumb":{"@id":"https:\/\/www.keepi.sk\/ochrana-osobnych-udajov\/suhlas-so-spracovanim-ou-pre-marketingove-ucely\/#breadcrumb"},"inLanguage":"en-US","potentialAction":[{"@type":"ReadAction","target":["https:\/\/www.keepi.sk\/ochrana-osobnych-udajov\/suhlas-so-spracovanim-ou-pre-marketingove-ucely\/"]}]},{"@type":"BreadcrumbList","@id":"https:\/\/www.keepi.sk\/ochrana-osobnych-udajov\/suhlas-so-spracovanim-ou-pre-marketingove-ucely\/#breadcrumb","itemListElement":[{"@type":"ListItem","position":1,"name":"Domov","item":"https:\/\/www.keepi.sk\/"},{"@type":"ListItem","position":2,"name":"Ochrana osobn\u00fdch \u00fadajov","item":"https:\/\/www.keepi.sk\/ochrana-osobnych-udajov\/"},{"@type":"ListItem","position":3,"name":"S\u00fahlas so spracovan\u00edm O\u00da pre marketingov\u00e9 \u00fa\u010dely"}]},{"@type":"WebSite","@id":"https:\/\/www.keepi.sk\/#website","url":"https:\/\/www.keepi.sk\/","name":"Online \u00fa\u010dtovn\u00edctvo a faktur\u00e1cia","description":"Keepi - tvoj osobn\u00fd \u00fa\u010dtovn\u00edk \/ Online \u00fa\u010dtovn\u00edctvo a faktur\u00e1cia","publisher":{"@id":"https:\/\/www.keepi.sk\/#organization"},"potentialAction":[{"@type":"SearchAction","target":{"@type":"EntryPoint","urlTemplate":"https:\/\/www.keepi.sk\/?s={search_term_string}"},"query-input":{"@type":"PropertyValueSpecification","valueRequired":true,"valueName":"search_term_string"}}],"inLanguage":"en-US"},{"@type":"Organization","@id":"https:\/\/www.keepi.sk\/#organization","name":"Keepi","url":"https:\/\/www.keepi.sk\/","logo":{"@type":"ImageObject","inLanguage":"en-US","@id":"https:\/\/www.keepi.sk\/#\/schema\/logo\/image\/","url":"https:\/\/www.keepi.sk\/wp-content\/uploads\/2025\/10\/keepi-logo-header-2.png","contentUrl":"https:\/\/www.keepi.sk\/wp-content\/uploads\/2025\/10\/keepi-logo-header-2.png","width":506,"height":144,"caption":"Keepi"},"image":{"@id":"https:\/\/www.keepi.sk\/#\/schema\/logo\/image\/"}}]}},"_links":{"self":[{"href":"https:\/\/www.keepi.sk\/en\/wp-json\/wp\/v2\/pages\/5451","targetHints":{"allow":["GET"]}}],"collection":[{"href":"https:\/\/www.keepi.sk\/en\/wp-json\/wp\/v2\/pages"}],"about":[{"href":"https:\/\/www.keepi.sk\/en\/wp-json\/wp\/v2\/types\/page"}],"author":[{"embeddable":true,"href":"https:\/\/www.keepi.sk\/en\/wp-json\/wp\/v2\/users\/4"}],"replies":[{"embeddable":true,"href":"https:\/\/www.keepi.sk\/en\/wp-json\/wp\/v2\/comments?post=5451"}],"version-history":[{"count":6,"href":"https:\/\/www.keepi.sk\/en\/wp-json\/wp\/v2\/pages\/5451\/revisions"}],"predecessor-version":[{"id":5467,"href":"https:\/\/www.keepi.sk\/en\/wp-json\/wp\/v2\/pages\/5451\/revisions\/5467"}],"up":[{"embeddable":true,"href":"https:\/\/www.keepi.sk\/en\/wp-json\/wp\/v2\/pages\/5158"}],"wp:attachment":[{"href":"https:\/\/www.keepi.sk\/en\/wp-json\/wp\/v2\/media?parent=5451"}],"curies":[{"name":"wp","href":"https:\/\/api.w.org\/{rel}","templated":true}]}}